{"id":15,"date":"2024-12-22T12:22:36","date_gmt":"2024-12-22T12:22:36","guid":{"rendered":"https:\/\/elmercader.com.py\/?page_id=15"},"modified":"2025-06-24T14:18:22","modified_gmt":"2025-06-24T14:18:22","slug":"nosotros","status":"publish","type":"page","link":"https:\/\/elmercader.com.py\/?page_id=15","title":{"rendered":"Nosotros"},"content":{"rendered":"\n<h2 class=\"wp-block-heading\">  Sobre nosotros<\/h2>\n\n\n\n<p>   <strong>Comercial El Mercade<\/strong>r abri\u00f3 sus puertas en agosto del a\u00f1o 2020 con la finalidad de ofrecer variedad y buen precio en el ramo de librer\u00eda, bazar, jugueter\u00eda y bisuter\u00eda; somos una empresa joven con ganas de brindar lo mejor a nuestros clientes ofreci\u00e9ndoles stock permanente y buena atenci\u00f3n.<\/p>\n\n\n\n<p>   Nuestro deseo es que el cliente se sienta satisfecho, para lograrlo dedicamos todo el esfuerzo posible, esperando entablar una relaci\u00f3n de amistad y no solamente comercial. Cada a\u00f1o vamos sumando m\u00e1s productos de diferentes rubros esperando cubrir todas las necesidades de nuestros apreciados clientes. \u00a1Vis\u00edtanos!<\/p>\n\n\n\n<div style=\"height:100px\" aria-hidden=\"true\" class=\"wp-block-spacer\"><\/div>\n\n\n<div class=\"wp-block-image is-style-rounded\">\n<figure class=\"aligncenter size-full is-resized\"><img loading=\"lazy\" decoding=\"async\" width=\"512\" height=\"512\" src=\"https:\/\/elmercader.com.py\/wp-content\/uploads\/2024\/12\/cropped-unmundocompleto.png\" alt=\"www.elmercader.com.py\" class=\"wp-image-8\" style=\"width:318px;height:auto\" srcset=\"https:\/\/elmercader.com.py\/wp-content\/uploads\/2024\/12\/cropped-unmundocompleto.png 512w, https:\/\/elmercader.com.py\/wp-content\/uploads\/2024\/12\/cropped-unmundocompleto-300x300.png 300w, https:\/\/elmercader.com.py\/wp-content\/uploads\/2024\/12\/cropped-unmundocompleto-150x150.png 150w, https:\/\/elmercader.com.py\/wp-content\/uploads\/2024\/12\/cropped-unmundocompleto-270x270.png 270w, https:\/\/elmercader.com.py\/wp-content\/uploads\/2024\/12\/cropped-unmundocompleto-192x192.png 192w, https:\/\/elmercader.com.py\/wp-content\/uploads\/2024\/12\/cropped-unmundocompleto-180x180.png 180w, https:\/\/elmercader.com.py\/wp-content\/uploads\/2024\/12\/cropped-unmundocompleto-32x32.png 32w\" sizes=\"auto, (max-width: 512px) 100vw, 512px\" \/><\/figure>\n<\/div>","protected":false},"excerpt":{"rendered":"<p>Sobre nosotros Comercial El Mercader abri\u00f3 sus puertas en agosto del a\u00f1o 2020 con la finalidad de ofrecer variedad y buen precio en el ramo de librer\u00eda, bazar, jugueter\u00eda y bisuter\u00eda; somos una empresa joven con ganas de brindar lo mejor a nuestros clientes ofreci\u00e9ndoles stock permanente y buena atenci\u00f3n. Nuestro deseo es que el &#8230; <a title=\"Nosotros\" class=\"read-more\" href=\"https:\/\/elmercader.com.py\/?page_id=15\" aria-label=\"Leer m\u00e1s sobre Nosotros\">Leer m\u00e1s<\/a><\/p>\n","protected":false},"author":1,"featured_media":0,"parent":0,"menu_order":0,"comment_status":"closed","ping_status":"closed","template":"","meta":{"footnotes":""},"class_list":["post-15","page","type-page","status-publish"],"_links":{"self":[{"href":"https:\/\/elmercader.com.py\/index.php?rest_route=\/wp\/v2\/pages\/15","targetHints":{"allow":["GET"]}}],"collection":[{"href":"https:\/\/elmercader.com.py\/index.php?rest_route=\/wp\/v2\/pages"}],"about":[{"href":"https:\/\/elmercader.com.py\/index.php?rest_route=\/wp\/v2\/types\/page"}],"author":[{"embeddable":true,"href":"https:\/\/elmercader.com.py\/index.php?rest_route=\/wp\/v2\/users\/1"}],"replies":[{"embeddable":true,"href":"https:\/\/elmercader.com.py\/index.php?rest_route=%2Fwp%2Fv2%2Fcomments&post=15"}],"version-history":[{"count":9,"href":"https:\/\/elmercader.com.py\/index.php?rest_route=\/wp\/v2\/pages\/15\/revisions"}],"predecessor-version":[{"id":171,"href":"https:\/\/elmercader.com.py\/index.php?rest_route=\/wp\/v2\/pages\/15\/revisions\/171"}],"wp:attachment":[{"href":"https:\/\/elmercader.com.py\/index.php?rest_route=%2Fwp%2Fv2%2Fmedia&parent=15"}],"curies":[{"name":"wp","href":"https:\/\/api.w.org\/{rel}","templated":true}]}}